{"id":4453,"date":"2025-03-12T13:22:12","date_gmt":"2025-03-12T12:22:12","guid":{"rendered":"https:\/\/www.hotelcanadapalace.es\/reserva-inmersiva\/"},"modified":"2025-04-07T12:24:02","modified_gmt":"2025-04-07T10:24:02","slug":"reserva-inmersiva","status":"publish","type":"page","link":"https:\/\/www.hotelcanadapalace.es\/fr\/reserva-inmersiva\/","title":{"rendered":"R\u00e9servation immersive"},"content":{"rendered":"<p>[et_pb_section fb_built=\u00a0\u00bb1&Prime; admin_label=\u00a0\u00bbCabecera\u00a0\u00bb _builder_version=\u00a0\u00bb4.27.4&Prime; use_background_color_gradient=\u00a0\u00bbon\u00a0\u00bb background_color_gradient_direction=\u00a0\u00bb1deg\u00a0\u00bb background_color_gradient_stops=\u00a0\u00bb#ffffff 13%|rgba(255,255,255,0.35) 50%\u00a0\u00bb background_color_gradient_overlays_image=\u00a0\u00bbon\u00a0\u00bb background_color_gradient_start=\u00a0\u00bb#ffffff\u00a0\u00bb background_color_gradient_start_position=\u00a0\u00bb13%\u00a0\u00bb background_color_gradient_end=\u00a0\u00bbrgba(255,255,255,0.35)\u00a0\u00bb background_color_gradient_end_position=\u00a0\u00bb50%\u00a0\u00bb background_image=\u00a0\u00bbhttps:\/\/www.hotelcanadapalace.es\/wp-content\/uploads\/2020\/03\/fondo_head.jpg\u00a0\u00bb custom_padding=\u00a0\u00bb||8vw||false|false\u00a0\u00bb collapsed=\u00a0\u00bboff\u00a0\u00bb global_colors_info=\u00a0\u00bb{}\u00a0\u00bb][et_pb_row _builder_version=\u00a0\u00bb4.16&Prime; global_colors_info=\u00a0\u00bb{}\u00a0\u00bb][et_pb_column type=\u00a0\u00bb4_4&Prime; _builder_version=\u00a0\u00bb4.16&Prime; global_colors_info=\u00a0\u00bb{}\u00a0\u00bb][et_pb_text _builder_version=\u00a0\u00bb4.27.4&Prime; text_font=\u00a0\u00bbOpen Sans||||||||\u00a0\u00bb text_line_height=\u00a0\u00bb2em\u00a0\u00bb header_font=\u00a0\u00bbGilda Display||||||||\u00a0\u00bb header_text_color=\u00a0\u00bb#000000&Prime; header_font_size=\u00a0\u00bb7vw\u00a0\u00bb header_line_height=\u00a0\u00bb1.1em\u00a0\u00bb header_2_font=\u00a0\u00bb|700||on|||||\u00a0\u00bb header_2_font_size=\u00a0\u00bb16px\u00a0\u00bb header_2_letter_spacing=\u00a0\u00bb6px\u00a0\u00bb header_2_line_height=\u00a0\u00bb2em\u00a0\u00bb header_3_font=\u00a0\u00bb||||||||\u00a0\u00bb text_orientation=\u00a0\u00bbcenter\u00a0\u00bb custom_margin=\u00a0\u00bb||0px||false|false\u00a0\u00bb custom_margin_tablet=\u00a0\u00bb0vw||20px\u00a0\u00bb custom_margin_phone=\u00a0\u00bb\u00a0\u00bb custom_margin_last_edited=\u00a0\u00bbon|desktop\u00a0\u00bb custom_padding=\u00a0\u00bb||0px||false|false\u00a0\u00bb header_font_size_tablet=\u00a0\u00bb10vw\u00a0\u00bb header_font_size_phone=\u00a0\u00bb\u00a0\u00bb header_font_size_last_edited=\u00a0\u00bbon|phone\u00a0\u00bb header_2_font_size_tablet=\u00a0\u00bb\u00a0\u00bb header_2_font_size_phone=\u00a0\u00bb12px\u00a0\u00bb header_2_font_size_last_edited=\u00a0\u00bbon|phone\u00a0\u00bb header_text_shadow_style=\u00a0\u00bbpreset3&Prime; header_text_shadow_vertical_length=\u00a0\u00bb0.03em\u00a0\u00bb header_text_shadow_color=\u00a0\u00bb#ffffff\u00a0\u00bb locked=\u00a0\u00bboff\u00a0\u00bb global_colors_info=\u00a0\u00bb{}\u00a0\u00bb header_3_font_size__hover=\u00a0\u00bb22px\u00a0\u00bb header_3_font_size__hover_enabled=\u00a0\u00bb22px\u00a0\u00bb header_3_letter_spacing__hover=\u00a0\u00bb0px\u00a0\u00bb header_3_letter_spacing__hover_enabled=\u00a0\u00bb0px\u00a0\u00bb header_3_line_height__hover=\u00a0\u00bb1em\u00a0\u00bb header_3_line_height__hover_enabled=\u00a0\u00bb1em\u00a0\u00bb header_3_text_shadow_style__hover=\u00a0\u00bbnone\u00a0\u00bb header_3_text_shadow_style__hover_enabled=\u00a0\u00bbnone\u00a0\u00bb header_3_text_shadow_color__hover=\u00a0\u00bbrgba(0,0,0,0.4)\u00a0\u00bb header_3_text_shadow_color__hover_enabled=\u00a0\u00bbrgba(0,0,0,0.4)\u00a0\u00bb]<\/p>\n<h2 style=\"text-align: center;\">Hotel Canada Palace<\/h2>\n<h1 style=\"text-align: center;\">R\u00e9servation immersive<\/h1>\n<p>[\/et_pb_text][\/et_pb_column][\/et_pb_row][\/et_pb_section][et_pb_section fb_built=\u00a0\u00bb1&Prime; admin_label=\u00a0\u00bbServicios\u00a0\u00bb _builder_version=\u00a0\u00bb4.27.4&Prime; background_color=\u00a0\u00bbrgba(0,0,0,0)\u00a0\u00bb collapsed=\u00a0\u00bboff\u00a0\u00bb global_colors_info=\u00a0\u00bb{}\u00a0\u00bb][et_pb_row _builder_version=\u00a0\u00bb4.16&Prime; custom_margin=\u00a0\u00bb0px||||false|false\u00a0\u00bb custom_padding=\u00a0\u00bb0px|0px|27px|0px|false|false\u00a0\u00bb global_colors_info=\u00a0\u00bb{}\u00a0\u00bb][et_pb_column type=\u00a0\u00bb4_4&Prime; _builder_version=\u00a0\u00bb4.16&Prime; custom_padding=\u00a0\u00bb|||\u00a0\u00bb global_colors_info=\u00a0\u00bb{}\u00a0\u00bb custom_padding__hover=\u00a0\u00bb|||\u00a0\u00bb][et_pb_blurb title=\u00a0\u00bbR\u00e9server votre s\u00e9jour n&apos;a jamais \u00e9t\u00e9 aussi excitant, avec une exp\u00e9rience de r\u00e9servation immersive et audacieuse.\u00a0\u00bb use_icon=\u00a0\u00bbon\u00a0\u00bb font_icon=\u00a0\u00bb&#xf594;||fa||900&Prime; icon_placement=\u00a0\u00bbleft\u00a0\u00bb content_max_width=\u00a0\u00bb1100px\u00a0\u00bb _builder_version=\u00a0\u00bb4.27.4&Prime; _module_preset=\u00a0\u00bbdefault\u00a0\u00bb global_colors_info=\u00a0\u00bb{}\u00a0\u00bb]<\/p>\n<p>D\u00e9couvrez le luxe de l&rsquo;H\u00f4tel Canada Palace \u00e0 travers notre visite virtuelle, o\u00f9 confort et \u00e9l\u00e9gance fusionnent pour vous offrir des moments inoubliables, tout en profitant d&rsquo;une exp\u00e9rience immersive qui vous aide \u00e0 choisir la chambre parfaite pour votre s\u00e9jour.<\/p>\n<p>&nbsp;<\/p>\n<p>&nbsp;<\/p>\n<p>&nbsp;<\/p>\n<p>&nbsp;<\/p>\n<p>[\/et_pb_blurb][et_pb_code _builder_version=\u00a0\u00bb4.27.4&Prime; _module_preset=\u00a0\u00bbdefault\u00a0\u00bb global_colors_info=\u00a0\u00bb{}\u00a0\u00bb]<pee>\n<style><!-- [et_pb_line_break_holder] -->:root {<!-- [et_pb_line_break_holder] -->--mt-app-height: 80vh; \/* Desktop and tablets height. Default: 80vh. *\/<!-- [et_pb_line_break_holder] -->--mt-app-height-mobile: 75svh; \/* Mobile devices height. Default: 75svh *\/<!-- [et_pb_line_break_holder] -->}<!-- [et_pb_line_break_holder] --><\/style>\n<\/pee>\n<!-- [et_pb_line_break_holder] --><\/p>\n<div data-twin=\"viewer\" data-id=\"100035817\" data-locale=\"fr\" data-lazy=\"true\">\u00a0<\/div>\n<pee><script type=\"module\" src=\"https:\/\/twin.mirai.com\/viewer\/index.js\"><\/script><\/pee>[\/et_pb_code][\/et_pb_column][\/et_pb_row][\/et_pb_section][et_pb_section fb_built=\u00a0\u00bb1&Prime; specialty=\u00a0\u00bbon\u00a0\u00bb custom_padding_last_edited=\u00a0\u00bbon|desktop\u00a0\u00bb use_background_color_gradient_2=\u00a0\u00bboff\u00a0\u00bb background_color_gradient_direction_2=\u00a0\u00bb105deg\u00a0\u00bb background_color_gradient_stops_2=\u00a0\u00bbrgba(255,255,255,0.65) 0%|rgba(255,255,255,0) 76%\u00a0\u00bb background_color_gradient_start_2=\u00a0\u00bbrgba(255,255,255,0.65)\u00a0\u00bb background_color_gradient_end_2=\u00a0\u00bbrgba(255,255,255,0)\u00a0\u00bb background_color_gradient_start_position_2=\u00a0\u00bb0%\u00a0\u00bb background_color_gradient_end_position_2=\u00a0\u00bb76%\u00a0\u00bb background_color_gradient_overlays_image_2=\u00a0\u00bbon\u00a0\u00bb padding_top_1=\u00a0\u00bb40px\u00a0\u00bb padding_top_2=\u00a0\u00bb0px\u00a0\u00bb padding_top_bottom_link_1=\u00a0\u00bbfalse\u00a0\u00bb padding_top_bottom_link_2=\u00a0\u00bbfalse\u00a0\u00bb padding_left_right_link_1=\u00a0\u00bbfalse\u00a0\u00bb padding_left_right_link_2=\u00a0\u00bbfalse\u00a0\u00bb admin_label=\u00a0\u00bbComunicaciones\u00a0\u00bb module_id=\u00a0\u00bbcomunicaciones\u00a0\u00bb module_class=\u00a0\u00bb et_pb_specialty_fullwidth\u00a0\u00bb _builder_version=\u00a0\u00bb4.25.1&Prime; inner_width=\u00a0\u00bb89%\u00a0\u00bb inner_width_tablet=\u00a0\u00bb80%\u00a0\u00bb inner_width_phone=\u00a0\u00bb\u00a0\u00bb inner_width_last_edited=\u00a0\u00bbon|desktop\u00a0\u00bb inner_max_width=\u00a0\u00bb89%\u00a0\u00bb inner_max_width_tablet=\u00a0\u00bb80%\u00a0\u00bb inner_max_width_phone=\u00a0\u00bb\u00a0\u00bb inner_max_width_last_edited=\u00a0\u00bbon|desktop\u00a0\u00bb custom_margin_tablet=\u00a0\u00bb||||false|false\u00a0\u00bb custom_margin_phone=\u00a0\u00bb\u00a0\u00bb custom_margin_last_edited=\u00a0\u00bbon|tablet\u00a0\u00bb custom_padding=\u00a0\u00bb||||false|false\u00a0\u00bb custom_padding_tablet=\u00a0\u00bb80px|0px||0px||true\u00a0\u00bb custom_padding_phone=\u00a0\u00bb80px|0px||0px|false|false\u00a0\u00bb border_color_left=\u00a0\u00bb#0c71c3&Prime; make_fullwidth=\u00a0\u00bbon\u00a0\u00bb global_module=\u00a0\u00bb587&Prime; saved_tabs=\u00a0\u00bball\u00a0\u00bb locked=\u00a0\u00bboff\u00a0\u00bb collapsed=\u00a0\u00bbon\u00a0\u00bb global_colors_info=\u00a0\u00bb{}\u00a0\u00bb][et_pb_column type=\u00a0\u00bb1_2&Prime; specialty_columns=\u00a0\u00bb2&Prime; _builder_version=\u00a0\u00bb4.16&Prime; custom_padding=\u00a0\u00bb|||\u00a0\u00bb global_colors_info=\u00a0\u00bb{}\u00a0\u00bb custom_padding__hover=\u00a0\u00bb|||\u00a0\u00bb][et_pb_row_inner _builder_version=\u00a0\u00bb4.16&Prime; custom_margin=\u00a0\u00bb||||false|false\u00a0\u00bb custom_padding=\u00a0\u00bb|0px||0px|false|false\u00a0\u00bb border_color_left=\u00a0\u00bb#0c71c3&Prime; locked=\u00a0\u00bboff\u00a0\u00bb collapsed=\u00a0\u00bbon\u00a0\u00bb global_colors_info=\u00a0\u00bb{}\u00a0\u00bb][et_pb_column_inner saved_specialty_column_type=\u00a0\u00bb2_3&Prime; _builder_version=\u00a0\u00bb4.16&Prime; custom_padding=\u00a0\u00bb|||\u00a0\u00bb global_colors_info=\u00a0\u00bb{}\u00a0\u00bb custom_padding__hover=\u00a0\u00bb|||\u00a0\u00bb][et_pb_text _builder_version=\u00a0\u00bb4.16&Prime; text_font=\u00a0\u00bb||||||||\u00a0\u00bb header_2_font=\u00a0\u00bbGilda Display|700|||||||\u00a0\u00bb header_2_font_size=\u00a0\u00bb60px\u00a0\u00bb header_2_line_height=\u00a0\u00bb1.3em\u00a0\u00bb header_3_font=\u00a0\u00bb||||||||\u00a0\u00bb header_6_font=\u00a0\u00bb|700||on|||||\u00a0\u00bb header_6_font_size=\u00a0\u00bb16px\u00a0\u00bb header_6_letter_spacing=\u00a0\u00bb6px\u00a0\u00bb header_6_line_height=\u00a0\u00bb1.6em\u00a0\u00bb header_2_font_size_tablet=\u00a0\u00bb40px\u00a0\u00bb header_2_font_size_phone=\u00a0\u00bb30px\u00a0\u00bb header_2_font_size_last_edited=\u00a0\u00bbon|phone\u00a0\u00bb locked=\u00a0\u00bboff\u00a0\u00bb global_colors_info=\u00a0\u00bb{}\u00a0\u00bb header_3_font_size__hover=\u00a0\u00bb22px\u00a0\u00bb header_3_font_size__hover_enabled=\u00a0\u00bb22px\u00a0\u00bb header_3_letter_spacing__hover=\u00a0\u00bb0px\u00a0\u00bb header_3_letter_spacing__hover_enabled=\u00a0\u00bb0px\u00a0\u00bb header_3_line_height__hover=\u00a0\u00bb1em\u00a0\u00bb header_3_line_height__hover_enabled=\u00a0\u00bb1em\u00a0\u00bb header_3_text_shadow_style__hover=\u00a0\u00bbnone\u00a0\u00bb header_3_text_shadow_style__hover_enabled=\u00a0\u00bbnone\u00a0\u00bb header_3_text_shadow_color__hover=\u00a0\u00bbrgba(0,0,0,0.4)\u00a0\u00bb header_3_text_shadow_color__hover_enabled=\u00a0\u00bbrgba(0,0,0,0.4)\u00a0\u00bb header_font_size__hover=\u00a0\u00bb30px\u00a0\u00bb header_font_size__hover_enabled=\u00a0\u00bb30px\u00a0\u00bb header_letter_spacing__hover=\u00a0\u00bb0px\u00a0\u00bb header_letter_spacing__hover_enabled=\u00a0\u00bb0px\u00a0\u00bb header_text_shadow_style__hover=\u00a0\u00bbnone\u00a0\u00bb header_text_shadow_style__hover_enabled=\u00a0\u00bbnone\u00a0\u00bb header_text_shadow_color__hover=\u00a0\u00bbrgba(0,0,0,0.4)\u00a0\u00bb header_text_shadow_color__hover_enabled=\u00a0\u00bbrgba(0,0,0,0.4)\u00a0\u00bb]<\/p>\n<h6>Comment s&rsquo;y rendre<\/h6>\n<h2>Communications<\/h2>\n<p>[\/et_pb_text][\/et_pb_column_inner][\/et_pb_row_inner][et_pb_row_inner _builder_version=\u00a0\u00bb4.16&Prime; custom_padding=\u00a0\u00bb0|0px|0|0px|false|false\u00a0\u00bb collapsed=\u00a0\u00bbon\u00a0\u00bb global_colors_info=\u00a0\u00bb{}\u00a0\u00bb][et_pb_column_inner saved_specialty_column_type=\u00a0\u00bb1_2&Prime; _builder_version=\u00a0\u00bb4.16&Prime; custom_padding=\u00a0\u00bb|||\u00a0\u00bb global_colors_info=\u00a0\u00bb{}\u00a0\u00bb custom_padding__hover=\u00a0\u00bb|||\u00a0\u00bb][et_pb_blurb content_max_width=\u00a0\u00bb1100px\u00a0\u00bb _builder_version=\u00a0\u00bb4.16&Prime; header_font=\u00a0\u00bb|600||on|||||\u00a0\u00bb header_font_size=\u00a0\u00bb14px\u00a0\u00bb header_letter_spacing=\u00a0\u00bb1px\u00a0\u00bb header_line_height=\u00a0\u00bb1.3em\u00a0\u00bb body_font=\u00a0\u00bb||||||||\u00a0\u00bb locked=\u00a0\u00bboff\u00a0\u00bb global_colors_info=\u00a0\u00bb{}\u00a0\u00bb icon_color__hover_enabled=\u00a0\u00bbon\u00a0\u00bb icon_color__hover=\u00a0\u00bb#ff5900&Prime;]<\/p>\n<p>L&rsquo;<strong>H\u00f4tel Canada Palace<\/strong> est situ\u00e9 \u00e0 <strong>Calafell<\/strong>, sur la <strong>Costa Dorada<\/strong> dans la province de <strong>Tarragone<\/strong>.<\/p>\n<ul>\n<li>A 35 Km de Tarragona, 25 Km de Sitges y 60 Km de Barcelona.<\/li>\n<li>Autopista AP-7 (Salida 31)<\/li>\n<li>Estaci\u00f3n de Renfe de Calafell a 120 m.<\/li>\n<li>Estaci\u00f3n de AVE \u201cCamp de Tarragona\u201d a 35 km.<\/li>\n<li>Aeropuerto de Reus a 35 km.<\/li>\n<li>Aeropuerto de Barcelona a 50 Km.<\/li>\n<\/ul>\n<p>[\/et_pb_blurb][\/et_pb_column_inner][\/et_pb_row_inner][et_pb_row_inner _builder_version=\u00a0\u00bb4.16&Prime; collapsed=\u00a0\u00bbon\u00a0\u00bb global_colors_info=\u00a0\u00bb{}\u00a0\u00bb][et_pb_column_inner saved_specialty_column_type=\u00a0\u00bb2_3&Prime; _builder_version=\u00a0\u00bb4.16&Prime; custom_padding=\u00a0\u00bb|||\u00a0\u00bb global_colors_info=\u00a0\u00bb{}\u00a0\u00bb custom_padding__hover=\u00a0\u00bb|||\u00a0\u00bb][et_pb_social_media_follow _builder_version=\u00a0\u00bb4.16&Prime; border_radii=\u00a0\u00bbon|0px|0px|0px|0px\u00a0\u00bb global_colors_info=\u00a0\u00bb{}\u00a0\u00bb][et_pb_social_media_follow_network social_network=\u00a0\u00bbfacebook\u00a0\u00bb url=\u00a0\u00bbhttps:\/\/es-es.facebook.com\/hotelcanadapalace\/\u00a0\u00bb _builder_version=\u00a0\u00bb4.16&Prime; background_color=\u00a0\u00bb#73d0be\u00a0\u00bb background_enable_color=\u00a0\u00bbon\u00a0\u00bb custom_margin=\u00a0\u00bb|8px||||false\u00a0\u00bb custom_padding=\u00a0\u00bb6px|6px|6px|6px|true|true\u00a0\u00bb global_colors_info=\u00a0\u00bb{}\u00a0\u00bb]facebook[\/et_pb_social_media_follow_network][et_pb_social_media_follow_network social_network=\u00a0\u00bbinstagram\u00a0\u00bb url=\u00a0\u00bbhttps:\/\/www.instagram.com\/hotelcanadapalace\/\u00a0\u00bb _builder_version=\u00a0\u00bb4.16&Prime; background_color=\u00a0\u00bb#73d0be\u00a0\u00bb background_enable_color=\u00a0\u00bbon\u00a0\u00bb custom_margin=\u00a0\u00bb|8px||||false\u00a0\u00bb custom_padding=\u00a0\u00bb6px|6px|6px|6px|true|true\u00a0\u00bb global_colors_info=\u00a0\u00bb{}\u00a0\u00bb]instagram[\/et_pb_social_media_follow_network][\/et_pb_social_media_follow][\/et_pb_column_inner][\/et_pb_row_inner][\/et_pb_column][et_pb_column type=\u00a0\u00bb1_2&Prime; _builder_version=\u00a0\u00bb4.16&Prime; custom_padding=\u00a0\u00bb|||\u00a0\u00bb global_colors_info=\u00a0\u00bb{}\u00a0\u00bb custom_padding__hover=\u00a0\u00bb|||\u00a0\u00bb][et_pb_code admin_label=\u00a0\u00bbMapa de Google\u00a0\u00bb _builder_version=\u00a0\u00bb4.16&Prime; custom_margin=\u00a0\u00bb||||false|false\u00a0\u00bb custom_padding=\u00a0\u00bb||||false|false\u00a0\u00bb global_colors_info=\u00a0\u00bb{}\u00a0\u00bb]<pee><iframe loading=\"lazy\" src=\"https:\/\/www.google.com\/maps\/d\/embed?mid=1VncvO1X7EoyB4DuWt76A3omxBB8TXyPy\" width=\"960\" height=\"640\"><\/iframe><\/pee>[\/et_pb_code][\/et_pb_column][\/et_pb_section]<\/p>\n","protected":false},"excerpt":{"rendered":"<p>Hotel Canada Palace R\u00e9servation immersiveD\u00e9couvrez le luxe de l&rsquo;H\u00f4tel Canada Palace \u00e0 travers notre visite virtuelle, o\u00f9 confort et \u00e9l\u00e9gance fusionnent pour vous offrir des moments inoubliables, tout en profitant d&rsquo;une exp\u00e9rience immersive qui vous aide \u00e0 choisir la chambre parfaite pour votre s\u00e9jour. &nbsp; &nbsp; &nbsp; &nbsp;Comment s&rsquo;y rendre CommunicationsL&rsquo;H\u00f4tel Canada Palace est situ\u00e9 [&hellip;]<\/p>\n","protected":false},"author":3,"featured_media":0,"parent":0,"menu_order":0,"comment_status":"closed","ping_status":"closed","template":"","meta":{"_et_pb_use_builder":"on","_et_pb_old_content":"","_et_gb_content_width":"","footnotes":""},"class_list":["post-4453","page","type-page","status-publish","hentry"],"yoast_head":"<!-- This site is optimized with the Yoast SEO plugin v27.4 - https:\/\/yoast.com\/product\/yoast-seo-wordpress\/ -->\n<title>R\u00e9servation immersive - Hotel Canada Palace<\/title>\n<meta name=\"robots\" content=\"index, follow, max-snippet:-1, max-image-preview:large, max-video-preview:-1\" \/>\n<link rel=\"canonical\" href=\"https:\/\/www.hotelcanadapalace.es\/reserva-inmersiva\/\" \/>\n<meta property=\"og:locale\" content=\"fr_FR\" \/>\n<meta property=\"og:type\" content=\"article\" \/>\n<meta property=\"og:title\" content=\"R\u00e9servation immersive - Hotel Canada Palace\" \/>\n<meta property=\"og:description\" content=\"Hotel Canada Palace R\u00e9servation immersiveD\u00e9couvrez le luxe de l&#039;H\u00f4tel Canada Palace \u00e0 travers notre visite virtuelle, o\u00f9 confort et \u00e9l\u00e9gance fusionnent pour vous offrir des moments inoubliables, tout en profitant d&#039;une exp\u00e9rience immersive qui vous aide \u00e0 choisir la chambre parfaite pour votre s\u00e9jour. &nbsp; &nbsp; &nbsp; &nbsp;Comment s&#039;y rendre CommunicationsL&#039;H\u00f4tel Canada Palace est situ\u00e9 [&hellip;]\" \/>\n<meta property=\"og:url\" content=\"https:\/\/www.hotelcanadapalace.es\/reserva-inmersiva\/\" \/>\n<meta property=\"og:site_name\" content=\"Hotel Canada Palace\" \/>\n<meta property=\"article:publisher\" content=\"https:\/\/es-es.facebook.com\/hotelcanadapalace\/\" \/>\n<meta property=\"article:modified_time\" content=\"2025-04-07T10:24:02+00:00\" \/>\n<meta name=\"twitter:card\" content=\"summary_large_image\" \/>\n<meta name=\"twitter:label1\" content=\"Dur\u00e9e de lecture estim\u00e9e\" \/>\n\t<meta name=\"twitter:data1\" content=\"1 minute\" \/>\n<script type=\"application\/ld+json\" class=\"yoast-schema-graph\">{\"@context\":\"https:\\\/\\\/schema.org\",\"@graph\":[{\"@type\":\"WebPage\",\"@id\":\"https:\\\/\\\/www.hotelcanadapalace.es\\\/reserva-inmersiva\\\/\",\"url\":\"https:\\\/\\\/www.hotelcanadapalace.es\\\/reserva-inmersiva\\\/\",\"name\":\"R\u00e9servation immersive - Hotel Canada Palace\",\"isPartOf\":{\"@id\":\"https:\\\/\\\/www.hotelcanadapalace.es\\\/#website\"},\"datePublished\":\"2025-03-12T12:22:12+00:00\",\"dateModified\":\"2025-04-07T10:24:02+00:00\",\"breadcrumb\":{\"@id\":\"https:\\\/\\\/www.hotelcanadapalace.es\\\/reserva-inmersiva\\\/#breadcrumb\"},\"inLanguage\":\"fr-FR\",\"potentialAction\":[{\"@type\":\"ReadAction\",\"target\":[\"https:\\\/\\\/www.hotelcanadapalace.es\\\/reserva-inmersiva\\\/\"]}]},{\"@type\":\"BreadcrumbList\",\"@id\":\"https:\\\/\\\/www.hotelcanadapalace.es\\\/reserva-inmersiva\\\/#breadcrumb\",\"itemListElement\":[{\"@type\":\"ListItem\",\"position\":1,\"name\":\"Portada\",\"item\":\"https:\\\/\\\/www.hotelcanadapalace.es\\\/fr\\\/\"},{\"@type\":\"ListItem\",\"position\":2,\"name\":\"R\u00e9servation immersive\"}]},{\"@type\":\"WebSite\",\"@id\":\"https:\\\/\\\/www.hotelcanadapalace.es\\\/#website\",\"url\":\"https:\\\/\\\/www.hotelcanadapalace.es\\\/\",\"name\":\"Hotel Canada Palace\",\"description\":\"Hotel en la playa de Calafell, Tarragona...\",\"publisher\":{\"@id\":\"https:\\\/\\\/www.hotelcanadapalace.es\\\/#organization\"},\"potentialAction\":[{\"@type\":\"SearchAction\",\"target\":{\"@type\":\"EntryPoint\",\"urlTemplate\":\"https:\\\/\\\/www.hotelcanadapalace.es\\\/?s={search_term_string}\"},\"query-input\":{\"@type\":\"PropertyValueSpecification\",\"valueRequired\":true,\"valueName\":\"search_term_string\"}}],\"inLanguage\":\"fr-FR\"},{\"@type\":\"Organization\",\"@id\":\"https:\\\/\\\/www.hotelcanadapalace.es\\\/#organization\",\"name\":\"Hotel Canada Palace\",\"url\":\"https:\\\/\\\/www.hotelcanadapalace.es\\\/\",\"logo\":{\"@type\":\"ImageObject\",\"inLanguage\":\"fr-FR\",\"@id\":\"https:\\\/\\\/www.hotelcanadapalace.es\\\/#\\\/schema\\\/logo\\\/image\\\/\",\"url\":\"https:\\\/\\\/hotelcanadapalace.es\\\/wp-content\\\/uploads\\\/2020\\\/03\\\/logo_300.png\",\"contentUrl\":\"https:\\\/\\\/hotelcanadapalace.es\\\/wp-content\\\/uploads\\\/2020\\\/03\\\/logo_300.png\",\"width\":300,\"height\":97,\"caption\":\"Hotel Canada Palace\"},\"image\":{\"@id\":\"https:\\\/\\\/www.hotelcanadapalace.es\\\/#\\\/schema\\\/logo\\\/image\\\/\"},\"sameAs\":[\"https:\\\/\\\/es-es.facebook.com\\\/hotelcanadapalace\\\/\",\"https:\\\/\\\/www.instagram.com\\\/hotelcanadapalace\\\/\"]}]}<\/script>\n<!-- \/ Yoast SEO plugin. -->","yoast_head_json":{"title":"R\u00e9servation immersive - Hotel Canada Palace","robots":{"index":"index","follow":"follow","max-snippet":"max-snippet:-1","max-image-preview":"max-image-preview:large","max-video-preview":"max-video-preview:-1"},"canonical":"https:\/\/www.hotelcanadapalace.es\/reserva-inmersiva\/","og_locale":"fr_FR","og_type":"article","og_title":"R\u00e9servation immersive - Hotel Canada Palace","og_description":"Hotel Canada Palace R\u00e9servation immersiveD\u00e9couvrez le luxe de l'H\u00f4tel Canada Palace \u00e0 travers notre visite virtuelle, o\u00f9 confort et \u00e9l\u00e9gance fusionnent pour vous offrir des moments inoubliables, tout en profitant d'une exp\u00e9rience immersive qui vous aide \u00e0 choisir la chambre parfaite pour votre s\u00e9jour. &nbsp; &nbsp; &nbsp; &nbsp;Comment s'y rendre CommunicationsL'H\u00f4tel Canada Palace est situ\u00e9 [&hellip;]","og_url":"https:\/\/www.hotelcanadapalace.es\/reserva-inmersiva\/","og_site_name":"Hotel Canada Palace","article_publisher":"https:\/\/es-es.facebook.com\/hotelcanadapalace\/","article_modified_time":"2025-04-07T10:24:02+00:00","twitter_card":"summary_large_image","twitter_misc":{"Dur\u00e9e de lecture estim\u00e9e":"1 minute"},"schema":{"@context":"https:\/\/schema.org","@graph":[{"@type":"WebPage","@id":"https:\/\/www.hotelcanadapalace.es\/reserva-inmersiva\/","url":"https:\/\/www.hotelcanadapalace.es\/reserva-inmersiva\/","name":"R\u00e9servation immersive - Hotel Canada Palace","isPartOf":{"@id":"https:\/\/www.hotelcanadapalace.es\/#website"},"datePublished":"2025-03-12T12:22:12+00:00","dateModified":"2025-04-07T10:24:02+00:00","breadcrumb":{"@id":"https:\/\/www.hotelcanadapalace.es\/reserva-inmersiva\/#breadcrumb"},"inLanguage":"fr-FR","potentialAction":[{"@type":"ReadAction","target":["https:\/\/www.hotelcanadapalace.es\/reserva-inmersiva\/"]}]},{"@type":"BreadcrumbList","@id":"https:\/\/www.hotelcanadapalace.es\/reserva-inmersiva\/#breadcrumb","itemListElement":[{"@type":"ListItem","position":1,"name":"Portada","item":"https:\/\/www.hotelcanadapalace.es\/fr\/"},{"@type":"ListItem","position":2,"name":"R\u00e9servation immersive"}]},{"@type":"WebSite","@id":"https:\/\/www.hotelcanadapalace.es\/#website","url":"https:\/\/www.hotelcanadapalace.es\/","name":"Hotel Canada Palace","description":"Hotel en la playa de Calafell, Tarragona...","publisher":{"@id":"https:\/\/www.hotelcanadapalace.es\/#organization"},"potentialAction":[{"@type":"SearchAction","target":{"@type":"EntryPoint","urlTemplate":"https:\/\/www.hotelcanadapalace.es\/?s={search_term_string}"},"query-input":{"@type":"PropertyValueSpecification","valueRequired":true,"valueName":"search_term_string"}}],"inLanguage":"fr-FR"},{"@type":"Organization","@id":"https:\/\/www.hotelcanadapalace.es\/#organization","name":"Hotel Canada Palace","url":"https:\/\/www.hotelcanadapalace.es\/","logo":{"@type":"ImageObject","inLanguage":"fr-FR","@id":"https:\/\/www.hotelcanadapalace.es\/#\/schema\/logo\/image\/","url":"https:\/\/hotelcanadapalace.es\/wp-content\/uploads\/2020\/03\/logo_300.png","contentUrl":"https:\/\/hotelcanadapalace.es\/wp-content\/uploads\/2020\/03\/logo_300.png","width":300,"height":97,"caption":"Hotel Canada Palace"},"image":{"@id":"https:\/\/www.hotelcanadapalace.es\/#\/schema\/logo\/image\/"},"sameAs":["https:\/\/es-es.facebook.com\/hotelcanadapalace\/","https:\/\/www.instagram.com\/hotelcanadapalace\/"]}]}},"_links":{"self":[{"href":"https:\/\/www.hotelcanadapalace.es\/fr\/wp-json\/wp\/v2\/pages\/4453","targetHints":{"allow":["GET"]}}],"collection":[{"href":"https:\/\/www.hotelcanadapalace.es\/fr\/wp-json\/wp\/v2\/pages"}],"about":[{"href":"https:\/\/www.hotelcanadapalace.es\/fr\/wp-json\/wp\/v2\/types\/page"}],"author":[{"embeddable":true,"href":"https:\/\/www.hotelcanadapalace.es\/fr\/wp-json\/wp\/v2\/users\/3"}],"replies":[{"embeddable":true,"href":"https:\/\/www.hotelcanadapalace.es\/fr\/wp-json\/wp\/v2\/comments?post=4453"}],"version-history":[{"count":4,"href":"https:\/\/www.hotelcanadapalace.es\/fr\/wp-json\/wp\/v2\/pages\/4453\/revisions"}],"predecessor-version":[{"id":4466,"href":"https:\/\/www.hotelcanadapalace.es\/fr\/wp-json\/wp\/v2\/pages\/4453\/revisions\/4466"}],"wp:attachment":[{"href":"https:\/\/www.hotelcanadapalace.es\/fr\/wp-json\/wp\/v2\/media?parent=4453"}],"curies":[{"name":"wp","href":"https:\/\/api.w.org\/{rel}","templated":true}]}}