{"id":4451,"date":"2025-03-12T13:22:12","date_gmt":"2025-03-12T12:22:12","guid":{"rendered":"https:\/\/www.hotelcanadapalace.es\/reserva-inmersiva\/"},"modified":"2025-04-07T12:20:32","modified_gmt":"2025-04-07T10:20:32","slug":"reserva-inmersiva","status":"publish","type":"page","link":"https:\/\/www.hotelcanadapalace.es\/ca\/reserva-inmersiva\/","title":{"rendered":"Reserva immersiva"},"content":{"rendered":"<p>[et_pb_section fb_built=&#8221;1&#8243; admin_label=&#8221;Cabecera&#8221; _builder_version=&#8221;4.27.4&#8243; use_background_color_gradient=&#8221;on&#8221; background_color_gradient_direction=&#8221;1deg&#8221; background_color_gradient_stops=&#8221;#ffffff 13%|rgba(255,255,255,0.35) 50%&#8221; background_color_gradient_overlays_image=&#8221;on&#8221; background_color_gradient_start=&#8221;#ffffff&#8221; background_color_gradient_start_position=&#8221;13%&#8221; background_color_gradient_end=&#8221;rgba(255,255,255,0.35)&#8221; background_color_gradient_end_position=&#8221;50%&#8221; background_image=&#8221;https:\/\/www.hotelcanadapalace.es\/wp-content\/uploads\/2020\/03\/fondo_head.jpg&#8221; custom_padding=&#8221;||8vw||false|false&#8221; collapsed=&#8221;off&#8221; global_colors_info=&#8221;{}&#8221;][et_pb_row _builder_version=&#8221;4.16&#8243; global_colors_info=&#8221;{}&#8221;][et_pb_column type=&#8221;4_4&#8243; _builder_version=&#8221;4.16&#8243; global_colors_info=&#8221;{}&#8221;][et_pb_text _builder_version=&#8221;4.27.4&#8243; text_font=&#8221;Open Sans||||||||&#8221; text_line_height=&#8221;2em&#8221; header_font=&#8221;Gilda Display||||||||&#8221; header_text_color=&#8221;#000000&#8243; header_font_size=&#8221;7vw&#8221; header_line_height=&#8221;1.1em&#8221; header_2_font=&#8221;|700||on|||||&#8221; header_2_font_size=&#8221;16px&#8221; header_2_letter_spacing=&#8221;6px&#8221; header_2_line_height=&#8221;2em&#8221; header_3_font=&#8221;||||||||&#8221; text_orientation=&#8221;center&#8221; custom_margin=&#8221;||0px||false|false&#8221; custom_margin_tablet=&#8221;0vw||20px&#8221; custom_margin_phone=&#8221;&#8221; custom_margin_last_edited=&#8221;on|desktop&#8221; custom_padding=&#8221;||0px||false|false&#8221; header_font_size_tablet=&#8221;10vw&#8221; header_font_size_phone=&#8221;&#8221; header_font_size_last_edited=&#8221;on|phone&#8221; header_2_font_size_tablet=&#8221;&#8221; header_2_font_size_phone=&#8221;12px&#8221; header_2_font_size_last_edited=&#8221;on|phone&#8221; header_text_shadow_style=&#8221;preset3&#8243; header_text_shadow_vertical_length=&#8221;0.03em&#8221; header_text_shadow_color=&#8221;#ffffff&#8221; locked=&#8221;off&#8221; global_colors_info=&#8221;{}&#8221; header_3_font_size__hover=&#8221;22px&#8221; header_3_font_size__hover_enabled=&#8221;22px&#8221; header_3_letter_spacing__hover=&#8221;0px&#8221; header_3_letter_spacing__hover_enabled=&#8221;0px&#8221; header_3_line_height__hover=&#8221;1em&#8221; header_3_line_height__hover_enabled=&#8221;1em&#8221; header_3_text_shadow_style__hover=&#8221;none&#8221; header_3_text_shadow_style__hover_enabled=&#8221;none&#8221; header_3_text_shadow_color__hover=&#8221;rgba(0,0,0,0.4)&#8221; header_3_text_shadow_color__hover_enabled=&#8221;rgba(0,0,0,0.4)&#8221;]<\/p>\n<h2 style=\"text-align: center;\">Hotel Canada Palace<\/h2>\n<h1 style=\"text-align: center;\">Reserva immersiva<\/h1>\n<p>[\/et_pb_text][\/et_pb_column][\/et_pb_row][\/et_pb_section][et_pb_section fb_built=&#8221;1&#8243; admin_label=&#8221;Servicios&#8221; _builder_version=&#8221;4.27.4&#8243; background_color=&#8221;rgba(0,0,0,0)&#8221; collapsed=&#8221;off&#8221; global_colors_info=&#8221;{}&#8221;][et_pb_row _builder_version=&#8221;4.16&#8243; custom_margin=&#8221;0px||||false|false&#8221; custom_padding=&#8221;0px|0px|27px|0px|false|false&#8221; global_colors_info=&#8221;{}&#8221;][et_pb_column type=&#8221;4_4&#8243; _builder_version=&#8221;4.16&#8243; custom_padding=&#8221;|||&#8221; global_colors_info=&#8221;{}&#8221; custom_padding__hover=&#8221;|||&#8221;][et_pb_blurb title=&#8221;Mai abans reservar la teva estada havia estat tan emocionant, amb una experi\u00e8ncia de reserva envoltant i auda\u00e7.&#8221; use_icon=&#8221;on&#8221; font_icon=&#8221;&#xf594;||fa||900&#8243; icon_placement=&#8221;left&#8221; content_max_width=&#8221;1100px&#8221; _builder_version=&#8221;4.27.4&#8243; _module_preset=&#8221;default&#8221; global_colors_info=&#8221;{}&#8221;]<\/p>\n<p>Explora el luxe de l&#8217;Hotel Canada Palace a trav\u00e9s de la nostra visita virtual, on confort i eleg\u00e0ncia es fusionen per oferir moments inoblidables, mentre gaudeixes d&#8217;una experi\u00e8ncia immersiva que t&#8217;ajuda a triar l&#8217;habitaci\u00f3 perfecta per a la teva estada.<\/p>\n<p>[\/et_pb_blurb][et_pb_code _builder_version=&#8221;4.27.4&#8243; _module_preset=&#8221;default&#8221; global_colors_info=&#8221;{}&#8221;]<\/p>\n<style><!-- [et_pb_line_break_holder] -->:root {<!-- [et_pb_line_break_holder] -->--mt-app-height: 80vh; \/* Desktop and tablets height. Default: 80vh. *\/<!-- [et_pb_line_break_holder] -->--mt-app-height-mobile: 75svh; \/* Mobile devices height. Default: 75svh *\/<!-- [et_pb_line_break_holder] -->}<!-- [et_pb_line_break_holder] --><\/style>\n<p><!-- [et_pb_line_break_holder] --><\/p>\n<div data-twin=\"viewer\" data-id=\"100035817\" data-locale=\"es\" data-lazy=\"true\"><\/div>\n<p><script type=\"module\" src=\"https:\/\/twin.mirai.com\/viewer\/index.js\"><\/script>[\/et_pb_code][\/et_pb_column][\/et_pb_row][\/et_pb_section][et_pb_section fb_built=&#8221;1&#8243; specialty=&#8221;on&#8221; custom_padding_last_edited=&#8221;on|desktop&#8221; use_background_color_gradient_2=&#8221;off&#8221; background_color_gradient_direction_2=&#8221;105deg&#8221; background_color_gradient_stops_2=&#8221;rgba(255,255,255,0.65) 0%|rgba(255,255,255,0) 76%&#8221; background_color_gradient_start_2=&#8221;rgba(255,255,255,0.65)&#8221; background_color_gradient_end_2=&#8221;rgba(255,255,255,0)&#8221; background_color_gradient_start_position_2=&#8221;0%&#8221; background_color_gradient_end_position_2=&#8221;76%&#8221; background_color_gradient_overlays_image_2=&#8221;on&#8221; padding_top_1=&#8221;40px&#8221; padding_top_2=&#8221;0px&#8221; padding_top_bottom_link_1=&#8221;false&#8221; padding_top_bottom_link_2=&#8221;false&#8221; padding_left_right_link_1=&#8221;false&#8221; padding_left_right_link_2=&#8221;false&#8221; admin_label=&#8221;Comunicaciones&#8221; module_id=&#8221;comunicaciones&#8221; module_class=&#8221; et_pb_specialty_fullwidth&#8221; _builder_version=&#8221;4.25.1&#8243; inner_width=&#8221;89%&#8221; inner_width_tablet=&#8221;80%&#8221; inner_width_phone=&#8221;&#8221; inner_width_last_edited=&#8221;on|desktop&#8221; inner_max_width=&#8221;89%&#8221; inner_max_width_tablet=&#8221;80%&#8221; inner_max_width_phone=&#8221;&#8221; inner_max_width_last_edited=&#8221;on|desktop&#8221; custom_margin_tablet=&#8221;||||false|false&#8221; custom_margin_phone=&#8221;&#8221; custom_margin_last_edited=&#8221;on|tablet&#8221; custom_padding=&#8221;||||false|false&#8221; custom_padding_tablet=&#8221;80px|0px||0px||true&#8221; custom_padding_phone=&#8221;80px|0px||0px|false|false&#8221; border_color_left=&#8221;#0c71c3&#8243; make_fullwidth=&#8221;on&#8221; global_module=&#8221;587&#8243; saved_tabs=&#8221;all&#8221; locked=&#8221;off&#8221; collapsed=&#8221;on&#8221; global_colors_info=&#8221;{}&#8221;][et_pb_column type=&#8221;1_2&#8243; specialty_columns=&#8221;2&#8243; _builder_version=&#8221;4.16&#8243; custom_padding=&#8221;|||&#8221; global_colors_info=&#8221;{}&#8221; custom_padding__hover=&#8221;|||&#8221;][et_pb_row_inner _builder_version=&#8221;4.16&#8243; custom_margin=&#8221;||||false|false&#8221; custom_padding=&#8221;|0px||0px|false|false&#8221; border_color_left=&#8221;#0c71c3&#8243; locked=&#8221;off&#8221; collapsed=&#8221;on&#8221; global_colors_info=&#8221;{}&#8221;][et_pb_column_inner saved_specialty_column_type=&#8221;2_3&#8243; _builder_version=&#8221;4.16&#8243; custom_padding=&#8221;|||&#8221; global_colors_info=&#8221;{}&#8221; custom_padding__hover=&#8221;|||&#8221;][et_pb_text _builder_version=&#8221;4.16&#8243; text_font=&#8221;||||||||&#8221; header_2_font=&#8221;Gilda Display|700|||||||&#8221; header_2_font_size=&#8221;60px&#8221; header_2_line_height=&#8221;1.3em&#8221; header_3_font=&#8221;||||||||&#8221; header_6_font=&#8221;|700||on|||||&#8221; header_6_font_size=&#8221;16px&#8221; header_6_letter_spacing=&#8221;6px&#8221; header_6_line_height=&#8221;1.6em&#8221; header_2_font_size_tablet=&#8221;40px&#8221; header_2_font_size_phone=&#8221;30px&#8221; header_2_font_size_last_edited=&#8221;on|phone&#8221; locked=&#8221;off&#8221; global_colors_info=&#8221;{}&#8221; header_3_font_size__hover=&#8221;22px&#8221; header_3_font_size__hover_enabled=&#8221;22px&#8221; header_3_letter_spacing__hover=&#8221;0px&#8221; header_3_letter_spacing__hover_enabled=&#8221;0px&#8221; header_3_line_height__hover=&#8221;1em&#8221; header_3_line_height__hover_enabled=&#8221;1em&#8221; header_3_text_shadow_style__hover=&#8221;none&#8221; header_3_text_shadow_style__hover_enabled=&#8221;none&#8221; header_3_text_shadow_color__hover=&#8221;rgba(0,0,0,0.4)&#8221; header_3_text_shadow_color__hover_enabled=&#8221;rgba(0,0,0,0.4)&#8221; header_font_size__hover=&#8221;30px&#8221; header_font_size__hover_enabled=&#8221;30px&#8221; header_letter_spacing__hover=&#8221;0px&#8221; header_letter_spacing__hover_enabled=&#8221;0px&#8221; header_text_shadow_style__hover=&#8221;none&#8221; header_text_shadow_style__hover_enabled=&#8221;none&#8221; header_text_shadow_color__hover=&#8221;rgba(0,0,0,0.4)&#8221; header_text_shadow_color__hover_enabled=&#8221;rgba(0,0,0,0.4)&#8221;]<\/p>\n<h6>Com Arribar<\/h6>\n<h2>Comunicacions<\/h2>\n<p>[\/et_pb_text][\/et_pb_column_inner][\/et_pb_row_inner][et_pb_row_inner _builder_version=&#8221;4.16&#8243; custom_padding=&#8221;0|0px|0|0px|false|false&#8221; collapsed=&#8221;on&#8221; global_colors_info=&#8221;{}&#8221;][et_pb_column_inner saved_specialty_column_type=&#8221;1_2&#8243; _builder_version=&#8221;4.16&#8243; custom_padding=&#8221;|||&#8221; global_colors_info=&#8221;{}&#8221; custom_padding__hover=&#8221;|||&#8221;][et_pb_blurb content_max_width=&#8221;1100px&#8221; _builder_version=&#8221;4.16&#8243; header_font=&#8221;|600||on|||||&#8221; header_font_size=&#8221;14px&#8221; header_letter_spacing=&#8221;1px&#8221; header_line_height=&#8221;1.3em&#8221; body_font=&#8221;||||||||&#8221; locked=&#8221;off&#8221; global_colors_info=&#8221;{}&#8221; icon_color__hover_enabled=&#8221;on&#8221; icon_color__hover=&#8221;#ff5900&#8243;]<\/p>\n<p>L&#8217;<strong>Hotel Canada Palace<\/strong> est\u00e0 situat a <strong>Calafell<\/strong> en plena <strong>Costa Daurada<\/strong> i prov\u00edncia de <strong>Tarragona<\/strong>.<\/p>\n<ul>\n<li>A 35 Km de Tarragona, 25 Km de Sitges y 60 Km de Barcelona.<\/li>\n<li>Autopista AP-7 (Salida 31)<\/li>\n<li>Estaci\u00f3n de Renfe de Calafell a 120 m.<\/li>\n<li>Estaci\u00f3n de AVE \u201cCamp de Tarragona\u201d a 35 km.<\/li>\n<li>Aeropuerto de Reus a 35 km.<\/li>\n<li>Aeropuerto de Barcelona a 50 Km.<\/li>\n<\/ul>\n<p>[\/et_pb_blurb][\/et_pb_column_inner][\/et_pb_row_inner][et_pb_row_inner _builder_version=&#8221;4.16&#8243; collapsed=&#8221;on&#8221; global_colors_info=&#8221;{}&#8221;][et_pb_column_inner saved_specialty_column_type=&#8221;2_3&#8243; _builder_version=&#8221;4.16&#8243; custom_padding=&#8221;|||&#8221; global_colors_info=&#8221;{}&#8221; custom_padding__hover=&#8221;|||&#8221;][et_pb_social_media_follow _builder_version=&#8221;4.16&#8243; border_radii=&#8221;on|0px|0px|0px|0px&#8221; global_colors_info=&#8221;{}&#8221;][et_pb_social_media_follow_network social_network=&#8221;facebook&#8221; url=&#8221;https:\/\/es-es.facebook.com\/hotelcanadapalace\/&#8221; _builder_version=&#8221;4.16&#8243; background_color=&#8221;#73d0be&#8221; background_enable_color=&#8221;on&#8221; custom_margin=&#8221;|8px||||false&#8221; custom_padding=&#8221;6px|6px|6px|6px|true|true&#8221; global_colors_info=&#8221;{}&#8221;]facebook[\/et_pb_social_media_follow_network][et_pb_social_media_follow_network social_network=&#8221;instagram&#8221; url=&#8221;https:\/\/www.instagram.com\/hotelcanadapalace\/&#8221; _builder_version=&#8221;4.16&#8243; background_color=&#8221;#73d0be&#8221; background_enable_color=&#8221;on&#8221; custom_margin=&#8221;|8px||||false&#8221; custom_padding=&#8221;6px|6px|6px|6px|true|true&#8221; global_colors_info=&#8221;{}&#8221;]instagram[\/et_pb_social_media_follow_network][\/et_pb_social_media_follow][\/et_pb_column_inner][\/et_pb_row_inner][\/et_pb_column][et_pb_column type=&#8221;1_2&#8243; _builder_version=&#8221;4.16&#8243; custom_padding=&#8221;|||&#8221; global_colors_info=&#8221;{}&#8221; custom_padding__hover=&#8221;|||&#8221;][et_pb_code admin_label=&#8221;Mapa de Google&#8221; _builder_version=&#8221;4.16&#8243; custom_margin=&#8221;||||false|false&#8221; custom_padding=&#8221;||||false|false&#8221; global_colors_info=&#8221;{}&#8221;]<iframe loading=\"lazy\" src=\"https:\/\/www.google.com\/maps\/d\/embed?mid=1VncvO1X7EoyB4DuWt76A3omxBB8TXyPy\" width=\"960\" height=\"640\"><\/iframe>[\/et_pb_code][\/et_pb_column][\/et_pb_section]<\/p>\n","protected":false},"excerpt":{"rendered":"<p>Hotel Canada Palace Reserva immersivaExplora el luxe de l&#8217;Hotel Canada Palace a trav\u00e9s de la nostra visita virtual, on confort i eleg\u00e0ncia es fusionen per oferir moments inoblidables, mentre gaudeixes d&#8217;una experi\u00e8ncia immersiva que t&#8217;ajuda a triar l&#8217;habitaci\u00f3 perfecta per a la teva estada.Com Arribar ComunicacionsL&#8217;Hotel Canada Palace est\u00e0 situat a Calafell en plena Costa [&hellip;]<\/p>\n","protected":false},"author":3,"featured_media":0,"parent":0,"menu_order":0,"comment_status":"closed","ping_status":"closed","template":"","meta":{"_et_pb_use_builder":"on","_et_pb_old_content":"","_et_gb_content_width":"","footnotes":""},"class_list":["post-4451","page","type-page","status-publish","hentry"],"yoast_head":"<!-- This site is optimized with the Yoast SEO plugin v27.4 - https:\/\/yoast.com\/product\/yoast-seo-wordpress\/ -->\n<title>Reserva immersiva - Hotel Canada Palace<\/title>\n<meta name=\"robots\" content=\"index, follow, max-snippet:-1, max-image-preview:large, max-video-preview:-1\" \/>\n<link rel=\"canonical\" href=\"https:\/\/www.hotelcanadapalace.es\/reserva-inmersiva\/\" \/>\n<meta property=\"og:locale\" content=\"ca_ES\" \/>\n<meta property=\"og:type\" content=\"article\" \/>\n<meta property=\"og:title\" content=\"Reserva immersiva - Hotel Canada Palace\" \/>\n<meta property=\"og:description\" content=\"Hotel Canada Palace Reserva immersivaExplora el luxe de l&#039;Hotel Canada Palace a trav\u00e9s de la nostra visita virtual, on confort i eleg\u00e0ncia es fusionen per oferir moments inoblidables, mentre gaudeixes d&#039;una experi\u00e8ncia immersiva que t&#039;ajuda a triar l&#039;habitaci\u00f3 perfecta per a la teva estada.Com Arribar ComunicacionsL&#039;Hotel Canada Palace est\u00e0 situat a Calafell en plena Costa [&hellip;]\" \/>\n<meta property=\"og:url\" content=\"https:\/\/www.hotelcanadapalace.es\/reserva-inmersiva\/\" \/>\n<meta property=\"og:site_name\" content=\"Hotel Canada Palace\" \/>\n<meta property=\"article:publisher\" content=\"https:\/\/es-es.facebook.com\/hotelcanadapalace\/\" \/>\n<meta property=\"article:modified_time\" content=\"2025-04-07T10:20:32+00:00\" \/>\n<meta name=\"twitter:card\" content=\"summary_large_image\" \/>\n<meta name=\"twitter:label1\" content=\"Temps estimat de lectura\" \/>\n\t<meta name=\"twitter:data1\" content=\"1 minut\" \/>\n<script type=\"application\/ld+json\" class=\"yoast-schema-graph\">{\"@context\":\"https:\\\/\\\/schema.org\",\"@graph\":[{\"@type\":\"WebPage\",\"@id\":\"https:\\\/\\\/www.hotelcanadapalace.es\\\/reserva-inmersiva\\\/\",\"url\":\"https:\\\/\\\/www.hotelcanadapalace.es\\\/reserva-inmersiva\\\/\",\"name\":\"Reserva immersiva - Hotel Canada Palace\",\"isPartOf\":{\"@id\":\"https:\\\/\\\/www.hotelcanadapalace.es\\\/#website\"},\"datePublished\":\"2025-03-12T12:22:12+00:00\",\"dateModified\":\"2025-04-07T10:20:32+00:00\",\"breadcrumb\":{\"@id\":\"https:\\\/\\\/www.hotelcanadapalace.es\\\/reserva-inmersiva\\\/#breadcrumb\"},\"inLanguage\":\"ca\",\"potentialAction\":[{\"@type\":\"ReadAction\",\"target\":[\"https:\\\/\\\/www.hotelcanadapalace.es\\\/reserva-inmersiva\\\/\"]}]},{\"@type\":\"BreadcrumbList\",\"@id\":\"https:\\\/\\\/www.hotelcanadapalace.es\\\/reserva-inmersiva\\\/#breadcrumb\",\"itemListElement\":[{\"@type\":\"ListItem\",\"position\":1,\"name\":\"Portada\",\"item\":\"https:\\\/\\\/www.hotelcanadapalace.es\\\/ca\\\/\"},{\"@type\":\"ListItem\",\"position\":2,\"name\":\"Reserva immersiva\"}]},{\"@type\":\"WebSite\",\"@id\":\"https:\\\/\\\/www.hotelcanadapalace.es\\\/#website\",\"url\":\"https:\\\/\\\/www.hotelcanadapalace.es\\\/\",\"name\":\"Hotel Canada Palace\",\"description\":\"Hotel en la playa de Calafell, Tarragona...\",\"publisher\":{\"@id\":\"https:\\\/\\\/www.hotelcanadapalace.es\\\/#organization\"},\"potentialAction\":[{\"@type\":\"SearchAction\",\"target\":{\"@type\":\"EntryPoint\",\"urlTemplate\":\"https:\\\/\\\/www.hotelcanadapalace.es\\\/?s={search_term_string}\"},\"query-input\":{\"@type\":\"PropertyValueSpecification\",\"valueRequired\":true,\"valueName\":\"search_term_string\"}}],\"inLanguage\":\"ca\"},{\"@type\":\"Organization\",\"@id\":\"https:\\\/\\\/www.hotelcanadapalace.es\\\/#organization\",\"name\":\"Hotel Canada Palace\",\"url\":\"https:\\\/\\\/www.hotelcanadapalace.es\\\/\",\"logo\":{\"@type\":\"ImageObject\",\"inLanguage\":\"ca\",\"@id\":\"https:\\\/\\\/www.hotelcanadapalace.es\\\/#\\\/schema\\\/logo\\\/image\\\/\",\"url\":\"https:\\\/\\\/hotelcanadapalace.es\\\/wp-content\\\/uploads\\\/2020\\\/03\\\/logo_300.png\",\"contentUrl\":\"https:\\\/\\\/hotelcanadapalace.es\\\/wp-content\\\/uploads\\\/2020\\\/03\\\/logo_300.png\",\"width\":300,\"height\":97,\"caption\":\"Hotel Canada Palace\"},\"image\":{\"@id\":\"https:\\\/\\\/www.hotelcanadapalace.es\\\/#\\\/schema\\\/logo\\\/image\\\/\"},\"sameAs\":[\"https:\\\/\\\/es-es.facebook.com\\\/hotelcanadapalace\\\/\",\"https:\\\/\\\/www.instagram.com\\\/hotelcanadapalace\\\/\"]}]}<\/script>\n<!-- \/ Yoast SEO plugin. -->","yoast_head_json":{"title":"Reserva immersiva - Hotel Canada Palace","robots":{"index":"index","follow":"follow","max-snippet":"max-snippet:-1","max-image-preview":"max-image-preview:large","max-video-preview":"max-video-preview:-1"},"canonical":"https:\/\/www.hotelcanadapalace.es\/reserva-inmersiva\/","og_locale":"ca_ES","og_type":"article","og_title":"Reserva immersiva - Hotel Canada Palace","og_description":"Hotel Canada Palace Reserva immersivaExplora el luxe de l'Hotel Canada Palace a trav\u00e9s de la nostra visita virtual, on confort i eleg\u00e0ncia es fusionen per oferir moments inoblidables, mentre gaudeixes d'una experi\u00e8ncia immersiva que t'ajuda a triar l'habitaci\u00f3 perfecta per a la teva estada.Com Arribar ComunicacionsL'Hotel Canada Palace est\u00e0 situat a Calafell en plena Costa [&hellip;]","og_url":"https:\/\/www.hotelcanadapalace.es\/reserva-inmersiva\/","og_site_name":"Hotel Canada Palace","article_publisher":"https:\/\/es-es.facebook.com\/hotelcanadapalace\/","article_modified_time":"2025-04-07T10:20:32+00:00","twitter_card":"summary_large_image","twitter_misc":{"Temps estimat de lectura":"1 minut"},"schema":{"@context":"https:\/\/schema.org","@graph":[{"@type":"WebPage","@id":"https:\/\/www.hotelcanadapalace.es\/reserva-inmersiva\/","url":"https:\/\/www.hotelcanadapalace.es\/reserva-inmersiva\/","name":"Reserva immersiva - Hotel Canada Palace","isPartOf":{"@id":"https:\/\/www.hotelcanadapalace.es\/#website"},"datePublished":"2025-03-12T12:22:12+00:00","dateModified":"2025-04-07T10:20:32+00:00","breadcrumb":{"@id":"https:\/\/www.hotelcanadapalace.es\/reserva-inmersiva\/#breadcrumb"},"inLanguage":"ca","potentialAction":[{"@type":"ReadAction","target":["https:\/\/www.hotelcanadapalace.es\/reserva-inmersiva\/"]}]},{"@type":"BreadcrumbList","@id":"https:\/\/www.hotelcanadapalace.es\/reserva-inmersiva\/#breadcrumb","itemListElement":[{"@type":"ListItem","position":1,"name":"Portada","item":"https:\/\/www.hotelcanadapalace.es\/ca\/"},{"@type":"ListItem","position":2,"name":"Reserva immersiva"}]},{"@type":"WebSite","@id":"https:\/\/www.hotelcanadapalace.es\/#website","url":"https:\/\/www.hotelcanadapalace.es\/","name":"Hotel Canada Palace","description":"Hotel en la playa de Calafell, Tarragona...","publisher":{"@id":"https:\/\/www.hotelcanadapalace.es\/#organization"},"potentialAction":[{"@type":"SearchAction","target":{"@type":"EntryPoint","urlTemplate":"https:\/\/www.hotelcanadapalace.es\/?s={search_term_string}"},"query-input":{"@type":"PropertyValueSpecification","valueRequired":true,"valueName":"search_term_string"}}],"inLanguage":"ca"},{"@type":"Organization","@id":"https:\/\/www.hotelcanadapalace.es\/#organization","name":"Hotel Canada Palace","url":"https:\/\/www.hotelcanadapalace.es\/","logo":{"@type":"ImageObject","inLanguage":"ca","@id":"https:\/\/www.hotelcanadapalace.es\/#\/schema\/logo\/image\/","url":"https:\/\/hotelcanadapalace.es\/wp-content\/uploads\/2020\/03\/logo_300.png","contentUrl":"https:\/\/hotelcanadapalace.es\/wp-content\/uploads\/2020\/03\/logo_300.png","width":300,"height":97,"caption":"Hotel Canada Palace"},"image":{"@id":"https:\/\/www.hotelcanadapalace.es\/#\/schema\/logo\/image\/"},"sameAs":["https:\/\/es-es.facebook.com\/hotelcanadapalace\/","https:\/\/www.instagram.com\/hotelcanadapalace\/"]}]}},"_links":{"self":[{"href":"https:\/\/www.hotelcanadapalace.es\/ca\/wp-json\/wp\/v2\/pages\/4451","targetHints":{"allow":["GET"]}}],"collection":[{"href":"https:\/\/www.hotelcanadapalace.es\/ca\/wp-json\/wp\/v2\/pages"}],"about":[{"href":"https:\/\/www.hotelcanadapalace.es\/ca\/wp-json\/wp\/v2\/types\/page"}],"author":[{"embeddable":true,"href":"https:\/\/www.hotelcanadapalace.es\/ca\/wp-json\/wp\/v2\/users\/3"}],"replies":[{"embeddable":true,"href":"https:\/\/www.hotelcanadapalace.es\/ca\/wp-json\/wp\/v2\/comments?post=4451"}],"version-history":[{"count":4,"href":"https:\/\/www.hotelcanadapalace.es\/ca\/wp-json\/wp\/v2\/pages\/4451\/revisions"}],"predecessor-version":[{"id":4460,"href":"https:\/\/www.hotelcanadapalace.es\/ca\/wp-json\/wp\/v2\/pages\/4451\/revisions\/4460"}],"wp:attachment":[{"href":"https:\/\/www.hotelcanadapalace.es\/ca\/wp-json\/wp\/v2\/media?parent=4451"}],"curies":[{"name":"wp","href":"https:\/\/api.w.org\/{rel}","templated":true}]}}