{"id":2480,"date":"2020-04-17T12:44:51","date_gmt":"2020-04-17T10:44:51","guid":{"rendered":"https:\/\/hotelcanadapalace.es\/aviso-legal\/"},"modified":"2025-09-16T18:28:51","modified_gmt":"2025-09-16T16:28:51","slug":"avis-legal","status":"publish","type":"page","link":"https:\/\/www.hotelcanadapalace.es\/ca\/avis-legal\/","title":{"rendered":"Av\u00eds Legal"},"content":{"rendered":"<p>[et_pb_section fb_built=&#8221;1&#8243; _builder_version=&#8221;4.16&#8243; global_colors_info=&#8221;{}&#8221;][et_pb_row _builder_version=&#8221;4.16&#8243; background_size=&#8221;initial&#8221; background_position=&#8221;top_left&#8221; background_repeat=&#8221;repeat&#8221; global_colors_info=&#8221;{}&#8221;][et_pb_column type=&#8221;4_4&#8243; _builder_version=&#8221;4.16&#8243; custom_padding=&#8221;|||&#8221; global_colors_info=&#8221;{}&#8221; custom_padding__hover=&#8221;|||&#8221;][et_pb_text _builder_version=&#8221;4.27.4&#8243; _module_preset=&#8221;default&#8221; hover_enabled=&#8221;0&#8243; global_colors_info=&#8221;{}&#8221; sticky_enabled=&#8221;0&#8243;]<\/p>\n<h1>Av\u00eds legal<\/h1>\n<p>[\/et_pb_text][et_pb_text _builder_version=&#8221;4.27.4&#8243; background_size=&#8221;initial&#8221; background_position=&#8221;top_left&#8221; background_repeat=&#8221;repeat&#8221; global_colors_info=&#8221;{}&#8221;]<\/p>\n<h2>Dades del titular del domini<\/h2>\n<p><\/p>\n<p>La titularitat del domini www.hotelcanadapalace.es \u00e9s propietat de la societat HOTEL CANADA PALACE, SL. endavant L&#8217;HOTEL amb domicili a, Mn. Jaume Soler,44. i inscrita al Registre Mercantil de Tarragona, al tom 1381, foli 123, full n\u00famero T-16.537, inscripci\u00f3 1a<\/p>\n<p><\/p>\n<h2>Objecte de la p\u00e0gina<\/h2>\n<p><\/p>\n<p>L&#8217;HOTEL ha publicat aquest lloc web per facilitar als visitants i usuaris potencials informaci\u00f3 detallada sobre les nostres reserves, disponibilitat d&#8217;habitacions, i\/o qualsevol altre servei que presta L&#8217;HOTEL.<br \/>L&#8217;acc\u00e9s a la informaci\u00f3 referida als serveis de L&#8217;HOTEL es posa a la vostra disposici\u00f3 i es troba detallada en els seus continguts. La informaci\u00f3 exposada en aquest lloc web es deixa a la lliure disposici\u00f3 dels usuaris que accedeixin al lloc web de manera particular i individual, sense cap cost. Queda expressament prohibida la comercialitzaci\u00f3 del dret dacc\u00e9s.<\/p>\n<p><\/p>\n<h2>Exactitud de la informaci\u00f3<\/h2>\n<p><\/p>\n<p>L&#8217;HOTEL posa el m\u00e0xim inter\u00e8s en l&#8217;exactitud i l&#8217;actualitzaci\u00f3 de la informaci\u00f3 publicada al seu lloc web. Tanmateix, no es responsabilitza de les conseq\u00fc\u00e8ncies de la lectura. Aix\u00ed mateix, L&#8217;HOTEL no es responsabilitza de cap dany o perjudici que hagi patit l&#8217;usuari que pogu\u00e9s derivar-se de l&#8217;acc\u00e9s a aquest lloc web o de l&#8217;\u00fas dels continguts d&#8217;aquest.<\/p>\n<p><\/p>\n<h2>Enlla\u00e7os (links) a p\u00e0gines de tercers<\/h2>\n<p><\/p>\n<p>L&#8217;HOTEL pot incloure dins dels seus continguts enlla\u00e7os amb llocs pertanyents i\/o gestionats per tercers per facilitar l&#8217;acc\u00e9s a informaci\u00f3 disponible a trav\u00e9s d&#8217;Internet. L&#8217;HOTEL no assumeix cap responsabilitat derivada de l&#8217;exist\u00e8ncia d&#8217;enlla\u00e7os entre els continguts d&#8217;aquest lloc i els continguts situats fora del lloc. Aquests enlla\u00e7os o mencions tenen una finalitat exclusivament informativa i, en cap cas, impliquen el suport, aprovaci\u00f3, comercialitzaci\u00f3 o cap relaci\u00f3 entre L&#8217;HOTEL i les persones o entitats autores i\/o gestores d&#8217;aquests continguts o titulars dels llocs on es trobin.<\/p>\n<p><\/p>\n<h2>Garanties i Responsabilitats<\/h2>\n<p><\/p>\n<p>L&#8217;HOTEL no garanteix el funcionament permanent del lloc web ni la inexist\u00e8ncia d&#8217;errors de programari, errades en les comunicacions o altres problemes de Hardware, no responent en cap cas de les conseq\u00fc\u00e8ncies que es puguin derivar dels mateixos per als usuaris. Tot i aix\u00f2, L&#8217;HOTEL intentar\u00e0 facilitar en la mesura de les seves possibilitats ajuda t\u00e8cnica a l&#8217;usuari, per la qual cosa qualsevol petici\u00f3 d&#8217;informaci\u00f3 o resoluci\u00f3 d&#8217;incid\u00e8ncies, en relaci\u00f3 amb la Web i el seu funcionament, ser\u00e0 atesa per L&#8217;HOTEL a l&#8217;adre\u00e7a seg\u00fcent: https:\/\/www.corporate-line.com\/cnormativo-hotelcanadapalace.<\/p>\n<p><\/p>\n<h2>Drets de Propietat Intel\u00b7lectual<\/h2>\n<p><\/p>\n<p>Aquest Lloc Web es regeix per les lleis espanyoles i est\u00e0 protegit per la legislaci\u00f3 nacional i internacional sobre propietat intel\u00b7lectual.<\/p>\n<p><\/p>\n<p>Tots els elements (marques, dissenys, textos, enlla\u00e7os, logos, imatges, v\u00eddeos, elements sonors, programari, bases de dades, codis&#8230;) continguts a la p\u00e0gina de EL HOTEL estan protegits pel dret nacional i internacional de propietat intel\u00b7lectual. Aquests elements s\u00f3n propietat exclusiva de L&#8217;HOTEL.<\/p>\n<p><\/p>\n<p>Qualsevol reproducci\u00f3, transmissi\u00f3, adaptaci\u00f3, traducci\u00f3, modificaci\u00f3, comunicaci\u00f3 al p\u00fablic, o qualsevol altra explotaci\u00f3 de tot o part del contingut d&#8217;aquest Lloc Web, efectuada de qualsevol manera o per qualsevol mitj\u00e0, electr\u00f2nic, mec\u00e0nic o altre, estan estrictament prohibits excepte autoritzaci\u00f3 pr\u00e8via per escrit de L&#8217;HOTEL. Qualsevol infracci\u00f3 daquests drets pot donar lloc a procediments extrajudicials o judicials civils o penals que corresponguin.<\/p>\n<p><\/p>\n<p>L&#8217;HOTEL no concedeix cap llic\u00e8ncia o autoritzaci\u00f3 d&#8217;\u00fas de cap mena sobre els seus drets de propietat intel\u00b7lectual i industrial o sobre qualsevol altra propietat o dret relacionat amb aquest web, els serveis o els continguts del mateix.<br \/>La legitimitat dels drets de propietat intel\u00b7lectual o industrial corresponents als continguts aportats pels usuaris \u00e9s de la seva exclusiva responsabilitat.<\/p>\n<p><\/p>\n<h2>Llei i Jurisdicci\u00f3 aplicable<\/h2>\n<p><\/p>\n<p>Aquestes condicions es regeixen per la llei espanyola. Qualsevol dubte que pugui sorgir en el compliment i la interpretaci\u00f3 de les mateixes, se sotmetr\u00e0 als Jutjats i Tribunals de la ciutat de Tarragona.<\/p>\n<p><\/p>\n<h2>Canal de Comunicacions i Den\u00fancies<\/h2>\n<p><\/p>\n<p>HOTEL CANADA PALACE vol informar del comprom\u00eds m\u00e9s alt de compliment de la normativa en l&#8217;exercici de les seves activitats i operacions. En aquest sentit, ha instrumentat un Canal d&#8217;\u00c8tica, Comunicaci\u00f3 i Den\u00fancies, com a eix d&#8217;aquesta cultura i comprom\u00eds \u00e8tic i responsable, a trav\u00e9s del qual els usuaris poden comunicar o denunciar indicis, sospites o evid\u00e8ncies de possibles incompliments normatius, delictes, comportaments no \u00e8tics i, en general, l&#8217;incompliment dels protocols, normes i codis.<\/p>\n<p><\/p>\n<p>El Canal, s&#8217;ha dotat dels millors mecanismes per garantir la seguretat, confidencialitat i protecci\u00f3 de dades de car\u00e0cter personal de l&#8217;Usuario, aix\u00ed com garantir la independ\u00e8ncia i evitaci\u00f3 de conflicte d&#8217;interessos. L&#8217;acc\u00e9s al Canal es realitza a trav\u00e9s del seg\u00fcent <a href=\"https:\/\/corporate-line.com\/cnormativo-hotelcanadapalace\">enlla\u00e7<\/a><\/p>\n<p>[\/et_pb_text][\/et_pb_column][\/et_pb_row][\/et_pb_section]<\/p>\n","protected":false},"excerpt":{"rendered":"<p>Av\u00eds legalDades del titular del dominiLa titularitat del domini www.hotelcanadapalace.es \u00e9s propietat de la societat HOTEL CANADA PALACE, SL. endavant L&#8217;HOTEL amb domicili a, Mn. Jaume Soler,44. i inscrita al Registre Mercantil de Tarragona, al tom 1381, foli 123, full n\u00famero T-16.537, inscripci\u00f3 1aObjecte de la p\u00e0ginaL&#8217;HOTEL ha publicat aquest lloc web per facilitar als [&hellip;]<\/p>\n","protected":false},"author":3,"featured_media":0,"parent":0,"menu_order":0,"comment_status":"closed","ping_status":"closed","template":"","meta":{"_et_pb_use_builder":"on","_et_pb_old_content":"","_et_gb_content_width":"","footnotes":""},"class_list":["post-2480","page","type-page","status-publish","hentry"],"yoast_head":"<!-- This site is optimized with the Yoast SEO plugin v27.4 - https:\/\/yoast.com\/product\/yoast-seo-wordpress\/ -->\n<title>Av\u00eds Legal - Hotel Canada Palace<\/title>\n<meta name=\"robots\" content=\"index, follow, max-snippet:-1, max-image-preview:large, max-video-preview:-1\" \/>\n<link rel=\"canonical\" href=\"https:\/\/www.hotelcanadapalace.es\/aviso-legal\/\" \/>\n<meta property=\"og:locale\" content=\"ca_ES\" \/>\n<meta property=\"og:type\" content=\"article\" \/>\n<meta property=\"og:title\" content=\"Av\u00eds Legal - Hotel Canada Palace\" \/>\n<meta property=\"og:description\" content=\"Av\u00eds legalDades del titular del dominiLa titularitat del domini www.hotelcanadapalace.es \u00e9s propietat de la societat HOTEL CANADA PALACE, SL. endavant L&#039;HOTEL amb domicili a, Mn. Jaume Soler,44. i inscrita al Registre Mercantil de Tarragona, al tom 1381, foli 123, full n\u00famero T-16.537, inscripci\u00f3 1aObjecte de la p\u00e0ginaL&#039;HOTEL ha publicat aquest lloc web per facilitar als [&hellip;]\" \/>\n<meta property=\"og:url\" content=\"https:\/\/www.hotelcanadapalace.es\/aviso-legal\/\" \/>\n<meta property=\"og:site_name\" content=\"Hotel Canada Palace\" \/>\n<meta property=\"article:publisher\" content=\"https:\/\/es-es.facebook.com\/hotelcanadapalace\/\" \/>\n<meta property=\"article:modified_time\" content=\"2025-09-16T16:28:51+00:00\" \/>\n<meta name=\"twitter:card\" content=\"summary_large_image\" \/>\n<meta name=\"twitter:label1\" content=\"Temps estimat de lectura\" \/>\n\t<meta name=\"twitter:data1\" content=\"4 minuts\" \/>\n<script type=\"application\/ld+json\" class=\"yoast-schema-graph\">{\"@context\":\"https:\\\/\\\/schema.org\",\"@graph\":[{\"@type\":\"WebPage\",\"@id\":\"https:\\\/\\\/www.hotelcanadapalace.es\\\/aviso-legal\\\/\",\"url\":\"https:\\\/\\\/www.hotelcanadapalace.es\\\/aviso-legal\\\/\",\"name\":\"Av\u00eds Legal - Hotel Canada Palace\",\"isPartOf\":{\"@id\":\"https:\\\/\\\/www.hotelcanadapalace.es\\\/#website\"},\"datePublished\":\"2020-04-17T10:44:51+00:00\",\"dateModified\":\"2025-09-16T16:28:51+00:00\",\"breadcrumb\":{\"@id\":\"https:\\\/\\\/www.hotelcanadapalace.es\\\/aviso-legal\\\/#breadcrumb\"},\"inLanguage\":\"ca\",\"potentialAction\":[{\"@type\":\"ReadAction\",\"target\":[\"https:\\\/\\\/www.hotelcanadapalace.es\\\/aviso-legal\\\/\"]}]},{\"@type\":\"BreadcrumbList\",\"@id\":\"https:\\\/\\\/www.hotelcanadapalace.es\\\/aviso-legal\\\/#breadcrumb\",\"itemListElement\":[{\"@type\":\"ListItem\",\"position\":1,\"name\":\"Portada\",\"item\":\"https:\\\/\\\/www.hotelcanadapalace.es\\\/ca\\\/\"},{\"@type\":\"ListItem\",\"position\":2,\"name\":\"Av\u00eds Legal\"}]},{\"@type\":\"WebSite\",\"@id\":\"https:\\\/\\\/www.hotelcanadapalace.es\\\/#website\",\"url\":\"https:\\\/\\\/www.hotelcanadapalace.es\\\/\",\"name\":\"Hotel Canada Palace\",\"description\":\"Hotel en la playa de Calafell, Tarragona...\",\"publisher\":{\"@id\":\"https:\\\/\\\/www.hotelcanadapalace.es\\\/#organization\"},\"potentialAction\":[{\"@type\":\"SearchAction\",\"target\":{\"@type\":\"EntryPoint\",\"urlTemplate\":\"https:\\\/\\\/www.hotelcanadapalace.es\\\/?s={search_term_string}\"},\"query-input\":{\"@type\":\"PropertyValueSpecification\",\"valueRequired\":true,\"valueName\":\"search_term_string\"}}],\"inLanguage\":\"ca\"},{\"@type\":\"Organization\",\"@id\":\"https:\\\/\\\/www.hotelcanadapalace.es\\\/#organization\",\"name\":\"Hotel Canada Palace\",\"url\":\"https:\\\/\\\/www.hotelcanadapalace.es\\\/\",\"logo\":{\"@type\":\"ImageObject\",\"inLanguage\":\"ca\",\"@id\":\"https:\\\/\\\/www.hotelcanadapalace.es\\\/#\\\/schema\\\/logo\\\/image\\\/\",\"url\":\"https:\\\/\\\/hotelcanadapalace.es\\\/wp-content\\\/uploads\\\/2020\\\/03\\\/logo_300.png\",\"contentUrl\":\"https:\\\/\\\/hotelcanadapalace.es\\\/wp-content\\\/uploads\\\/2020\\\/03\\\/logo_300.png\",\"width\":300,\"height\":97,\"caption\":\"Hotel Canada Palace\"},\"image\":{\"@id\":\"https:\\\/\\\/www.hotelcanadapalace.es\\\/#\\\/schema\\\/logo\\\/image\\\/\"},\"sameAs\":[\"https:\\\/\\\/es-es.facebook.com\\\/hotelcanadapalace\\\/\",\"https:\\\/\\\/www.instagram.com\\\/hotelcanadapalace\\\/\"]}]}<\/script>\n<!-- \/ Yoast SEO plugin. -->","yoast_head_json":{"title":"Av\u00eds Legal - Hotel Canada Palace","robots":{"index":"index","follow":"follow","max-snippet":"max-snippet:-1","max-image-preview":"max-image-preview:large","max-video-preview":"max-video-preview:-1"},"canonical":"https:\/\/www.hotelcanadapalace.es\/aviso-legal\/","og_locale":"ca_ES","og_type":"article","og_title":"Av\u00eds Legal - Hotel Canada Palace","og_description":"Av\u00eds legalDades del titular del dominiLa titularitat del domini www.hotelcanadapalace.es \u00e9s propietat de la societat HOTEL CANADA PALACE, SL. endavant L'HOTEL amb domicili a, Mn. Jaume Soler,44. i inscrita al Registre Mercantil de Tarragona, al tom 1381, foli 123, full n\u00famero T-16.537, inscripci\u00f3 1aObjecte de la p\u00e0ginaL'HOTEL ha publicat aquest lloc web per facilitar als [&hellip;]","og_url":"https:\/\/www.hotelcanadapalace.es\/aviso-legal\/","og_site_name":"Hotel Canada Palace","article_publisher":"https:\/\/es-es.facebook.com\/hotelcanadapalace\/","article_modified_time":"2025-09-16T16:28:51+00:00","twitter_card":"summary_large_image","twitter_misc":{"Temps estimat de lectura":"4 minuts"},"schema":{"@context":"https:\/\/schema.org","@graph":[{"@type":"WebPage","@id":"https:\/\/www.hotelcanadapalace.es\/aviso-legal\/","url":"https:\/\/www.hotelcanadapalace.es\/aviso-legal\/","name":"Av\u00eds Legal - Hotel Canada Palace","isPartOf":{"@id":"https:\/\/www.hotelcanadapalace.es\/#website"},"datePublished":"2020-04-17T10:44:51+00:00","dateModified":"2025-09-16T16:28:51+00:00","breadcrumb":{"@id":"https:\/\/www.hotelcanadapalace.es\/aviso-legal\/#breadcrumb"},"inLanguage":"ca","potentialAction":[{"@type":"ReadAction","target":["https:\/\/www.hotelcanadapalace.es\/aviso-legal\/"]}]},{"@type":"BreadcrumbList","@id":"https:\/\/www.hotelcanadapalace.es\/aviso-legal\/#breadcrumb","itemListElement":[{"@type":"ListItem","position":1,"name":"Portada","item":"https:\/\/www.hotelcanadapalace.es\/ca\/"},{"@type":"ListItem","position":2,"name":"Av\u00eds Legal"}]},{"@type":"WebSite","@id":"https:\/\/www.hotelcanadapalace.es\/#website","url":"https:\/\/www.hotelcanadapalace.es\/","name":"Hotel Canada Palace","description":"Hotel en la playa de Calafell, Tarragona...","publisher":{"@id":"https:\/\/www.hotelcanadapalace.es\/#organization"},"potentialAction":[{"@type":"SearchAction","target":{"@type":"EntryPoint","urlTemplate":"https:\/\/www.hotelcanadapalace.es\/?s={search_term_string}"},"query-input":{"@type":"PropertyValueSpecification","valueRequired":true,"valueName":"search_term_string"}}],"inLanguage":"ca"},{"@type":"Organization","@id":"https:\/\/www.hotelcanadapalace.es\/#organization","name":"Hotel Canada Palace","url":"https:\/\/www.hotelcanadapalace.es\/","logo":{"@type":"ImageObject","inLanguage":"ca","@id":"https:\/\/www.hotelcanadapalace.es\/#\/schema\/logo\/image\/","url":"https:\/\/hotelcanadapalace.es\/wp-content\/uploads\/2020\/03\/logo_300.png","contentUrl":"https:\/\/hotelcanadapalace.es\/wp-content\/uploads\/2020\/03\/logo_300.png","width":300,"height":97,"caption":"Hotel Canada Palace"},"image":{"@id":"https:\/\/www.hotelcanadapalace.es\/#\/schema\/logo\/image\/"},"sameAs":["https:\/\/es-es.facebook.com\/hotelcanadapalace\/","https:\/\/www.instagram.com\/hotelcanadapalace\/"]}]}},"_links":{"self":[{"href":"https:\/\/www.hotelcanadapalace.es\/ca\/wp-json\/wp\/v2\/pages\/2480","targetHints":{"allow":["GET"]}}],"collection":[{"href":"https:\/\/www.hotelcanadapalace.es\/ca\/wp-json\/wp\/v2\/pages"}],"about":[{"href":"https:\/\/www.hotelcanadapalace.es\/ca\/wp-json\/wp\/v2\/types\/page"}],"author":[{"embeddable":true,"href":"https:\/\/www.hotelcanadapalace.es\/ca\/wp-json\/wp\/v2\/users\/3"}],"replies":[{"embeddable":true,"href":"https:\/\/www.hotelcanadapalace.es\/ca\/wp-json\/wp\/v2\/comments?post=2480"}],"version-history":[{"count":11,"href":"https:\/\/www.hotelcanadapalace.es\/ca\/wp-json\/wp\/v2\/pages\/2480\/revisions"}],"predecessor-version":[{"id":4562,"href":"https:\/\/www.hotelcanadapalace.es\/ca\/wp-json\/wp\/v2\/pages\/2480\/revisions\/4562"}],"wp:attachment":[{"href":"https:\/\/www.hotelcanadapalace.es\/ca\/wp-json\/wp\/v2\/media?parent=2480"}],"curies":[{"name":"wp","href":"https:\/\/api.w.org\/{rel}","templated":true}]}}